{"id":195,"date":"2022-07-12T21:11:25","date_gmt":"2022-07-13T02:11:25","guid":{"rendered":"https:\/\/induequip.com.ec\/?page_id=195"},"modified":"2023-02-03T13:21:24","modified_gmt":"2023-02-03T18:21:24","slug":"asesoria-y-servicios","status":"publish","type":"page","link":"https:\/\/induequip.com.ec\/index.php\/asesoria-y-servicios\/","title":{"rendered":"Asesor\u00eda y Servicios"},"content":{"rendered":"\t\t<div data-elementor-type=\"wp-page\" data-elementor-id=\"195\" class=\"elementor elementor-195\">\n\t\t\t\t\t\t<section class=\"elementor-section elementor-top-section elementor-element elementor-element-a7a6b8e elementor-section-boxed elementor-section-height-default elementor-section-height-default\" data-id=\"a7a6b8e\" data-element_type=\"section\">\n\t\t\t\t\t\t<div class=\"elementor-container elementor-column-gap-default\">\n\t\t\t\t\t<div class=\"elementor-column elementor-col-100 elementor-top-column elementor-element elementor-element-5f19476\" data-id=\"5f19476\" data-element_type=\"column\">\n\t\t\t<div class=\"elementor-widget-wrap elementor-element-populated\">\n\t\t\t\t\t\t<div class=\"elementor-element elementor-element-d387ffd elementor-widget elementor-widget-spacer\" data-id=\"d387ffd\" data-element_type=\"widget\" data-widget_type=\"spacer.default\">\n\t\t\t\t<div class=\"elementor-widget-container\">\n\t\t\t<style>\/*! elementor - v3.21.0 - 25-04-2024 *\/\n.elementor-column .elementor-spacer-inner{height:var(--spacer-size)}.e-con{--container-widget-width:100%}.e-con-inner>.elementor-widget-spacer,.e-con>.elementor-widget-spacer{width:var(--container-widget-width,var(--spacer-size));--align-self:var(--container-widget-align-self,initial);--flex-shrink:0}.e-con-inner>.elementor-widget-spacer>.elementor-widget-container,.e-con>.elementor-widget-spacer>.elementor-widget-container{height:100%;width:100%}.e-con-inner>.elementor-widget-spacer>.elementor-widget-container>.elementor-spacer,.e-con>.elementor-widget-spacer>.elementor-widget-container>.elementor-spacer{height:100%}.e-con-inner>.elementor-widget-spacer>.elementor-widget-container>.elementor-spacer>.elementor-spacer-inner,.e-con>.elementor-widget-spacer>.elementor-widget-container>.elementor-spacer>.elementor-spacer-inner{height:var(--container-widget-height,var(--spacer-size))}.e-con-inner>.elementor-widget-spacer.elementor-widget-empty,.e-con>.elementor-widget-spacer.elementor-widget-empty{position:relative;min-height:22px;min-width:22px}.e-con-inner>.elementor-widget-spacer.elementor-widget-empty .elementor-widget-empty-icon,.e-con>.elementor-widget-spacer.elementor-widget-empty .elementor-widget-empty-icon{position:absolute;top:0;bottom:0;left:0;right:0;margin:auto;padding:0;width:22px;height:22px}<\/style>\t\t<div class=\"elementor-spacer\">\n\t\t\t<div class=\"elementor-spacer-inner\"><\/div>\n\t\t<\/div>\n\t\t\t\t<\/div>\n\t\t\t\t<\/div>\n\t\t\t\t<section class=\"elementor-section elementor-inner-section elementor-element elementor-element-5725557 elementor-section-boxed elementor-section-height-default elementor-section-height-default\" data-id=\"5725557\" data-element_type=\"section\">\n\t\t\t\t\t\t<div class=\"elementor-container elementor-column-gap-default\">\n\t\t\t\t\t<div class=\"elementor-column elementor-col-33 elementor-inner-column elementor-element elementor-element-919632b\" data-id=\"919632b\" data-element_type=\"column\">\n\t\t\t<div class=\"elementor-widget-wrap elementor-element-populated\">\n\t\t\t\t\t\t<div class=\"elementor-element elementor-element-0b25d22 animated-slow elementor-invisible elementor-widget elementor-widget-image\" data-id=\"0b25d22\" data-element_type=\"widget\" data-settings=\"{&quot;_animation&quot;:&quot;fadeInLeft&quot;}\" data-widget_type=\"image.default\">\n\t\t\t\t<div class=\"elementor-widget-container\">\n\t\t\t<style>\/*! elementor - v3.21.0 - 25-04-2024 *\/\n.elementor-widget-image{text-align:center}.elementor-widget-image a{display:inline-block}.elementor-widget-image a img[src$=\".svg\"]{width:48px}.elementor-widget-image img{vertical-align:middle;display:inline-block}<\/style>\t\t\t\t\t\t\t\t\t\t<img fetchpriority=\"high\" decoding=\"async\" width=\"300\" height=\"300\" src=\"https:\/\/induequip.com.ec\/wp-content\/uploads\/2022\/07\/13-300x300.png\" class=\"attachment-medium size-medium wp-image-254\" alt=\"\" srcset=\"https:\/\/induequip.com.ec\/wp-content\/uploads\/2022\/07\/13-300x300.png 300w, https:\/\/induequip.com.ec\/wp-content\/uploads\/2022\/07\/13-100x100.png 100w, https:\/\/induequip.com.ec\/wp-content\/uploads\/2022\/07\/13-600x600.png 600w, https:\/\/induequip.com.ec\/wp-content\/uploads\/2022\/07\/13.png 1024w, https:\/\/induequip.com.ec\/wp-content\/uploads\/2022\/07\/13-150x150.png 150w, https:\/\/induequip.com.ec\/wp-content\/uploads\/2022\/07\/13-768x768.png 768w\" sizes=\"(max-width: 300px) 100vw, 300px\" \/>\t\t\t\t\t\t\t\t\t\t\t\t\t<\/div>\n\t\t\t\t<\/div>\n\t\t\t\t\t<\/div>\n\t\t<\/div>\n\t\t\t\t<div class=\"elementor-column elementor-col-33 elementor-inner-column elementor-element elementor-element-b58ae55\" data-id=\"b58ae55\" data-element_type=\"column\">\n\t\t\t<div class=\"elementor-widget-wrap elementor-element-populated\">\n\t\t\t\t\t\t<div class=\"elementor-element elementor-element-f29f91c animated-slow elementor-invisible elementor-widget elementor-widget-image\" data-id=\"f29f91c\" data-element_type=\"widget\" data-settings=\"{&quot;_animation&quot;:&quot;fadeInDown&quot;}\" data-widget_type=\"image.default\">\n\t\t\t\t<div class=\"elementor-widget-container\">\n\t\t\t\t\t\t\t\t\t\t\t\t\t<img decoding=\"async\" width=\"300\" height=\"300\" src=\"https:\/\/induequip.com.ec\/wp-content\/uploads\/2022\/07\/9-300x300.png\" class=\"attachment-medium size-medium wp-image-239\" alt=\"\" srcset=\"https:\/\/induequip.com.ec\/wp-content\/uploads\/2022\/07\/9-300x300.png 300w, https:\/\/induequip.com.ec\/wp-content\/uploads\/2022\/07\/9-100x100.png 100w, https:\/\/induequip.com.ec\/wp-content\/uploads\/2022\/07\/9-600x600.png 600w, https:\/\/induequip.com.ec\/wp-content\/uploads\/2022\/07\/9.png 1024w, https:\/\/induequip.com.ec\/wp-content\/uploads\/2022\/07\/9-150x150.png 150w, https:\/\/induequip.com.ec\/wp-content\/uploads\/2022\/07\/9-768x768.png 768w\" sizes=\"(max-width: 300px) 100vw, 300px\" \/>\t\t\t\t\t\t\t\t\t\t\t\t\t<\/div>\n\t\t\t\t<\/div>\n\t\t\t\t\t<\/div>\n\t\t<\/div>\n\t\t\t\t<div class=\"elementor-column elementor-col-33 elementor-inner-column elementor-element elementor-element-602aeb6\" data-id=\"602aeb6\" data-element_type=\"column\">\n\t\t\t<div class=\"elementor-widget-wrap elementor-element-populated\">\n\t\t\t\t\t\t<div class=\"elementor-element elementor-element-edd096f animated-slow elementor-invisible elementor-widget elementor-widget-image\" data-id=\"edd096f\" data-element_type=\"widget\" data-settings=\"{&quot;_animation&quot;:&quot;fadeInRight&quot;}\" data-widget_type=\"image.default\">\n\t\t\t\t<div class=\"elementor-widget-container\">\n\t\t\t\t\t\t\t\t\t\t\t\t\t<img decoding=\"async\" width=\"300\" height=\"300\" src=\"https:\/\/induequip.com.ec\/wp-content\/uploads\/2022\/07\/10-1-300x300.png\" class=\"attachment-medium size-medium wp-image-240\" alt=\"\" srcset=\"https:\/\/induequip.com.ec\/wp-content\/uploads\/2022\/07\/10-1-300x300.png 300w, https:\/\/induequip.com.ec\/wp-content\/uploads\/2022\/07\/10-1-100x100.png 100w, https:\/\/induequip.com.ec\/wp-content\/uploads\/2022\/07\/10-1-600x600.png 600w, https:\/\/induequip.com.ec\/wp-content\/uploads\/2022\/07\/10-1.png 1024w, https:\/\/induequip.com.ec\/wp-content\/uploads\/2022\/07\/10-1-150x150.png 150w, https:\/\/induequip.com.ec\/wp-content\/uploads\/2022\/07\/10-1-768x768.png 768w\" sizes=\"(max-width: 300px) 100vw, 300px\" \/>\t\t\t\t\t\t\t\t\t\t\t\t\t<\/div>\n\t\t\t\t<\/div>\n\t\t\t\t\t<\/div>\n\t\t<\/div>\n\t\t\t\t\t<\/div>\n\t\t<\/section>\n\t\t\t\t\t<\/div>\n\t\t<\/div>\n\t\t\t\t\t<\/div>\n\t\t<\/section>\n\t\t\t\t<section class=\"elementor-section elementor-top-section elementor-element elementor-element-e3ca4d8 elementor-section-full_width elementor-section-height-default elementor-section-height-default\" data-id=\"e3ca4d8\" data-element_type=\"section\" data-settings=\"{&quot;background_background&quot;:&quot;gradient&quot;}\">\n\t\t\t\t\t\t<div class=\"elementor-container elementor-column-gap-default\">\n\t\t\t\t\t<div class=\"elementor-column elementor-col-100 elementor-top-column elementor-element elementor-element-3809228\" data-id=\"3809228\" data-element_type=\"column\">\n\t\t\t<div class=\"elementor-widget-wrap elementor-element-populated\">\n\t\t\t\t\t\t<div class=\"elementor-element elementor-element-b735c0f animated-slow elementor-invisible elementor-widget elementor-widget-heading\" data-id=\"b735c0f\" data-element_type=\"widget\" data-settings=\"{&quot;_animation&quot;:&quot;fadeInLeft&quot;}\" data-widget_type=\"heading.default\">\n\t\t\t\t<div class=\"elementor-widget-container\">\n\t\t\t<style>\/*! elementor - v3.21.0 - 25-04-2024 *\/\n.elementor-heading-title{padding:0;margin:0;line-height:1}.elementor-widget-heading .elementor-heading-title[class*=elementor-size-]>a{color:inherit;font-size:inherit;line-height:inherit}.elementor-widget-heading .elementor-heading-title.elementor-size-small{font-size:15px}.elementor-widget-heading .elementor-heading-title.elementor-size-medium{font-size:19px}.elementor-widget-heading .elementor-heading-title.elementor-size-large{font-size:29px}.elementor-widget-heading .elementor-heading-title.elementor-size-xl{font-size:39px}.elementor-widget-heading .elementor-heading-title.elementor-size-xxl{font-size:59px}<\/style><h2 class=\"elementor-heading-title elementor-size-xl\">Asesor\u00eda <\/h2>\t\t<\/div>\n\t\t\t\t<\/div>\n\t\t\t\t<section class=\"elementor-section elementor-inner-section elementor-element elementor-element-986d10a elementor-section-full_width elementor-section-height-default elementor-section-height-default\" data-id=\"986d10a\" data-element_type=\"section\" data-settings=\"{&quot;background_background&quot;:&quot;classic&quot;}\">\n\t\t\t\t\t\t<div class=\"elementor-container elementor-column-gap-extended\">\n\t\t\t\t\t<div class=\"elementor-column elementor-col-50 elementor-inner-column elementor-element elementor-element-b341cea\" data-id=\"b341cea\" data-element_type=\"column\">\n\t\t\t<div class=\"elementor-widget-wrap elementor-element-populated\">\n\t\t\t\t\t\t<div class=\"elementor-element elementor-element-525594e elementor-widget elementor-widget-text-editor\" data-id=\"525594e\" data-element_type=\"widget\" data-widget_type=\"text-editor.default\">\n\t\t\t\t<div class=\"elementor-widget-container\">\n\t\t\t<style>\/*! elementor - v3.21.0 - 25-04-2024 *\/\n.elementor-widget-text-editor.elementor-drop-cap-view-stacked .elementor-drop-cap{background-color:#69727d;color:#fff}.elementor-widget-text-editor.elementor-drop-cap-view-framed .elementor-drop-cap{color:#69727d;border:3px solid;background-color:transparent}.elementor-widget-text-editor:not(.elementor-drop-cap-view-default) .elementor-drop-cap{margin-top:8px}.elementor-widget-text-editor:not(.elementor-drop-cap-view-default) .elementor-drop-cap-letter{width:1em;height:1em}.elementor-widget-text-editor .elementor-drop-cap{float:left;text-align:center;line-height:1;font-size:50px}.elementor-widget-text-editor .elementor-drop-cap-letter{display:inline-block}<\/style>\t\t\t\t<ul><li>Elaboraci\u00f3n y aprobaci\u00f3n de Plan de prevenci\u00f3n de Riesgos hasta 10 trabajadores.<\/li><li>Elaboraci\u00f3n y aprobaci\u00f3n de Reglamentos Internos de Higiene y Seguridad.<\/li><li>Asesor\u00eda a gerencias en el cumplimiento de todas las exigencias t\u00e9cnicas, documentales y legales ante el MDT (SUT) \/ IESS.<\/li><li>Dise\u00f1o e implementaci\u00f3n de Sistemas de Gesti\u00f3n en Prevenci\u00f3n de Riesgos Laborales.<\/li><li>Matriz de Riesgos: Identificaci\u00f3n, Medici\u00f3n (higiene industrial), Evaluaci\u00f3n y Control.<\/li><li>Conformaci\u00f3n y gesti\u00f3n de los Organismos Paritarios de Seguridad y Salud (Comit\u00e9s, Subcomit\u00e9s y\/o Delegados).<\/li><li>Planes de Emergencia espec\u00edficos acorde el nivel de riesgo.<\/li><li>Inspecciones t\u00e9cnicas especializadas.<\/li><li>Programa de investigaci\u00f3n de accidentes de trabajo y enfermedades ocupacionales.<\/li><li>Reporte de Indicadores de gesti\u00f3n exigidos por los organismos de control en Seguridad y Salud de la organizaci\u00f3n. (IESS &#8211; MDT).<\/li><\/ul>\t\t\t\t\t\t<\/div>\n\t\t\t\t<\/div>\n\t\t\t\t\t<\/div>\n\t\t<\/div>\n\t\t\t\t<div class=\"elementor-column elementor-col-50 elementor-inner-column elementor-element elementor-element-2d1bfc1\" data-id=\"2d1bfc1\" data-element_type=\"column\">\n\t\t\t<div class=\"elementor-widget-wrap elementor-element-populated\">\n\t\t\t\t\t\t<div class=\"elementor-element elementor-element-7b5fb94 elementor-widget elementor-widget-spacer\" data-id=\"7b5fb94\" data-element_type=\"widget\" data-widget_type=\"spacer.default\">\n\t\t\t\t<div class=\"elementor-widget-container\">\n\t\t\t\t\t<div class=\"elementor-spacer\">\n\t\t\t<div class=\"elementor-spacer-inner\"><\/div>\n\t\t<\/div>\n\t\t\t\t<\/div>\n\t\t\t\t<\/div>\n\t\t\t\t<div class=\"elementor-element elementor-element-e16cf6c animated-slow elementor-invisible elementor-widget elementor-widget-image\" data-id=\"e16cf6c\" data-element_type=\"widget\" data-settings=\"{&quot;_animation&quot;:&quot;fadeInRight&quot;}\" data-widget_type=\"image.default\">\n\t\t\t\t<div class=\"elementor-widget-container\">\n\t\t\t\t\t\t\t\t\t\t\t\t\t<img loading=\"lazy\" decoding=\"async\" width=\"1024\" height=\"619\" src=\"https:\/\/induequip.com.ec\/wp-content\/uploads\/2022\/08\/indu-e1660870777425-1024x619.png\" class=\"attachment-large size-large wp-image-426\" alt=\"\" srcset=\"https:\/\/induequip.com.ec\/wp-content\/uploads\/2022\/08\/indu-e1660870777425-1024x619.png 1024w, https:\/\/induequip.com.ec\/wp-content\/uploads\/2022\/08\/indu-e1660870777425-300x181.png 300w, https:\/\/induequip.com.ec\/wp-content\/uploads\/2022\/08\/indu-e1660870777425-768x464.png 768w, https:\/\/induequip.com.ec\/wp-content\/uploads\/2022\/08\/indu-e1660870777425-600x363.png 600w, https:\/\/induequip.com.ec\/wp-content\/uploads\/2022\/08\/indu-e1660870777425.png 1080w\" sizes=\"(max-width: 1024px) 100vw, 1024px\" \/>\t\t\t\t\t\t\t\t\t\t\t\t\t<\/div>\n\t\t\t\t<\/div>\n\t\t\t\t\t<\/div>\n\t\t<\/div>\n\t\t\t\t\t<\/div>\n\t\t<\/section>\n\t\t\t\t\t<\/div>\n\t\t<\/div>\n\t\t\t\t\t<\/div>\n\t\t<\/section>\n\t\t\t\t<section class=\"elementor-section elementor-top-section elementor-element elementor-element-0d56c71 elementor-section-full_width elementor-section-height-default elementor-section-height-default\" data-id=\"0d56c71\" data-element_type=\"section\" data-settings=\"{&quot;background_background&quot;:&quot;classic&quot;}\">\n\t\t\t\t\t\t\t<div class=\"elementor-background-overlay\"><\/div>\n\t\t\t\t\t\t\t<div class=\"elementor-container elementor-column-gap-default\">\n\t\t\t\t\t<div class=\"elementor-column elementor-col-100 elementor-top-column elementor-element elementor-element-8ab2d7d\" data-id=\"8ab2d7d\" data-element_type=\"column\">\n\t\t\t<div class=\"elementor-widget-wrap elementor-element-populated\">\n\t\t\t\t\t\t<div class=\"elementor-element elementor-element-66bfbde elementor-widget elementor-widget-spacer\" data-id=\"66bfbde\" data-element_type=\"widget\" data-widget_type=\"spacer.default\">\n\t\t\t\t<div class=\"elementor-widget-container\">\n\t\t\t\t\t<div class=\"elementor-spacer\">\n\t\t\t<div class=\"elementor-spacer-inner\"><\/div>\n\t\t<\/div>\n\t\t\t\t<\/div>\n\t\t\t\t<\/div>\n\t\t\t\t<div class=\"elementor-element elementor-element-6006a75 animated-slow elementor-invisible elementor-widget elementor-widget-heading\" data-id=\"6006a75\" data-element_type=\"widget\" data-settings=\"{&quot;_animation&quot;:&quot;fadeInLeft&quot;}\" data-widget_type=\"heading.default\">\n\t\t\t\t<div class=\"elementor-widget-container\">\n\t\t\t<h2 class=\"elementor-heading-title elementor-size-default\">Servicios<\/h2>\t\t<\/div>\n\t\t\t\t<\/div>\n\t\t\t\t<section class=\"elementor-section elementor-inner-section elementor-element elementor-element-10d1d4b elementor-section-full_width elementor-section-height-default elementor-section-height-default\" data-id=\"10d1d4b\" data-element_type=\"section\">\n\t\t\t\t\t\t<div class=\"elementor-container elementor-column-gap-default\">\n\t\t\t\t\t<div class=\"elementor-column elementor-col-50 elementor-inner-column elementor-element elementor-element-a8f072a\" data-id=\"a8f072a\" data-element_type=\"column\">\n\t\t\t<div class=\"elementor-widget-wrap elementor-element-populated\">\n\t\t\t\t\t\t<div class=\"elementor-element elementor-element-24ab80d elementor-widget elementor-widget-text-editor\" data-id=\"24ab80d\" data-element_type=\"widget\" data-widget_type=\"text-editor.default\">\n\t\t\t\t<div class=\"elementor-widget-container\">\n\t\t\t\t\t\t\t<ul>\n \t<li>Entrenamiento y capacitaci\u00f3n a Brigadas de Emergencia.<\/li>\n \t<li>Levantamiento de planos de recursos y evacuaci\u00f3n.<\/li>\n \t<li>Mantenimiento del sistema de bombas contraincendios.<\/li>\n \t<li>Mantenimiento del sistema de alarma de incendios.<\/li>\n \t<li>Recarga y Mantenimiento de extintores.<\/li>\n \t<li>Medici\u00f3n de presi\u00f3n de gabinetes.<\/li>\n \t<li>Obtenci\u00f3n Certificado, Registro y licencias ambientales.<\/li>\n \t<li>Capacitaciones en temas de SSO, metodolog\u00edas l\u00fadicas.<\/li>\n<\/ul>\t\t\t\t\t\t<\/div>\n\t\t\t\t<\/div>\n\t\t\t\t\t<\/div>\n\t\t<\/div>\n\t\t\t\t<div class=\"elementor-column elementor-col-50 elementor-inner-column elementor-element elementor-element-c8799bc\" data-id=\"c8799bc\" data-element_type=\"column\">\n\t\t\t<div class=\"elementor-widget-wrap elementor-element-populated\">\n\t\t\t\t\t\t<div class=\"elementor-element elementor-element-bef4abf animated-slow elementor-invisible elementor-widget elementor-widget-image\" data-id=\"bef4abf\" data-element_type=\"widget\" data-settings=\"{&quot;_animation&quot;:&quot;fadeInRight&quot;}\" data-widget_type=\"image.default\">\n\t\t\t\t<div class=\"elementor-widget-container\">\n\t\t\t\t\t\t\t\t\t\t\t\t\t<img loading=\"lazy\" decoding=\"async\" width=\"1024\" height=\"616\" src=\"https:\/\/induequip.com.ec\/wp-content\/uploads\/2022\/08\/indu2-e1660870863204-1024x616.png\" class=\"attachment-large size-large wp-image-427\" alt=\"\" srcset=\"https:\/\/induequip.com.ec\/wp-content\/uploads\/2022\/08\/indu2-e1660870863204-1024x616.png 1024w, https:\/\/induequip.com.ec\/wp-content\/uploads\/2022\/08\/indu2-e1660870863204-300x181.png 300w, https:\/\/induequip.com.ec\/wp-content\/uploads\/2022\/08\/indu2-e1660870863204-768x462.png 768w, https:\/\/induequip.com.ec\/wp-content\/uploads\/2022\/08\/indu2-e1660870863204-600x361.png 600w, https:\/\/induequip.com.ec\/wp-content\/uploads\/2022\/08\/indu2-e1660870863204.png 1080w\" sizes=\"(max-width: 1024px) 100vw, 1024px\" \/>\t\t\t\t\t\t\t\t\t\t\t\t\t<\/div>\n\t\t\t\t<\/div>\n\t\t\t\t\t<\/div>\n\t\t<\/div>\n\t\t\t\t\t<\/div>\n\t\t<\/section>\n\t\t\t\t\t<\/div>\n\t\t<\/div>\n\t\t\t\t\t<\/div>\n\t\t<\/section>\n\t\t\t\t<section class=\"elementor-section elementor-top-section elementor-element elementor-element-baff9f2 elementor-section-boxed elementor-section-height-default elementor-section-height-default\" data-id=\"baff9f2\" data-element_type=\"section\">\n\t\t\t\t\t\t<div class=\"elementor-container elementor-column-gap-default\">\n\t\t\t\t\t<div class=\"elementor-column elementor-col-100 elementor-top-column elementor-element elementor-element-f20d95d\" data-id=\"f20d95d\" data-element_type=\"column\">\n\t\t\t<div class=\"elementor-widget-wrap elementor-element-populated\">\n\t\t\t\t\t\t<div class=\"elementor-element elementor-element-0197be1 elementor-widget elementor-widget-spacer\" data-id=\"0197be1\" data-element_type=\"widget\" data-widget_type=\"spacer.default\">\n\t\t\t\t<div class=\"elementor-widget-container\">\n\t\t\t\t\t<div class=\"elementor-spacer\">\n\t\t\t<div class=\"elementor-spacer-inner\"><\/div>\n\t\t<\/div>\n\t\t\t\t<\/div>\n\t\t\t\t<\/div>\n\t\t\t\t\t<\/div>\n\t\t<\/div>\n\t\t\t\t\t<\/div>\n\t\t<\/section>\n\t\t\t\t<section class=\"elementor-section elementor-top-section elementor-element elementor-element-1094909 animated-fast elementor-section-boxed elementor-section-height-default elementor-section-height-default elementor-invisible\" data-id=\"1094909\" data-element_type=\"section\" data-settings=\"{&quot;background_background&quot;:&quot;classic&quot;,&quot;animation&quot;:&quot;fadeInLeft&quot;}\">\n\t\t\t\t\t\t<div class=\"elementor-container elementor-column-gap-default\">\n\t\t\t\t\t<div class=\"elementor-column elementor-col-100 elementor-top-column elementor-element elementor-element-6b723f3\" data-id=\"6b723f3\" data-element_type=\"column\">\n\t\t\t<div class=\"elementor-widget-wrap elementor-element-populated\">\n\t\t\t\t\t\t<div class=\"elementor-element elementor-element-853d2f3 elementor-widget elementor-widget-spacer\" data-id=\"853d2f3\" data-element_type=\"widget\" data-widget_type=\"spacer.default\">\n\t\t\t\t<div class=\"elementor-widget-container\">\n\t\t\t\t\t<div class=\"elementor-spacer\">\n\t\t\t<div class=\"elementor-spacer-inner\"><\/div>\n\t\t<\/div>\n\t\t\t\t<\/div>\n\t\t\t\t<\/div>\n\t\t\t\t<section class=\"elementor-section elementor-inner-section elementor-element elementor-element-4aacd98 animated-fast elementor-section-boxed elementor-section-height-default elementor-section-height-default elementor-invisible\" data-id=\"4aacd98\" data-element_type=\"section\" data-settings=\"{&quot;animation&quot;:&quot;fadeInRight&quot;}\">\n\t\t\t\t\t\t<div class=\"elementor-container elementor-column-gap-default\">\n\t\t\t\t\t<div class=\"elementor-column elementor-col-50 elementor-inner-column elementor-element elementor-element-da0ae42\" data-id=\"da0ae42\" data-element_type=\"column\">\n\t\t\t<div class=\"elementor-widget-wrap elementor-element-populated\">\n\t\t\t\t\t\t<div class=\"elementor-element elementor-element-363799a elementor-widget elementor-widget-heading\" data-id=\"363799a\" data-element_type=\"widget\" data-widget_type=\"heading.default\">\n\t\t\t\t<div class=\"elementor-widget-container\">\n\t\t\t<h2 class=\"elementor-heading-title elementor-size-large\">La mejor asesor\u00eda y servicios para tu empresa, con productos certificados de calidad.<\/h2>\t\t<\/div>\n\t\t\t\t<\/div>\n\t\t\t\t\t<\/div>\n\t\t<\/div>\n\t\t\t\t<div class=\"elementor-column elementor-col-50 elementor-inner-column elementor-element elementor-element-8cae8ae\" data-id=\"8cae8ae\" data-element_type=\"column\">\n\t\t\t<div class=\"elementor-widget-wrap elementor-element-populated\">\n\t\t\t\t\t\t<div class=\"elementor-element elementor-element-994aa99 elementor-align-center elementor-widget elementor-widget-button\" data-id=\"994aa99\" data-element_type=\"widget\" data-widget_type=\"button.default\">\n\t\t\t\t<div class=\"elementor-widget-container\">\n\t\t\t\t\t<div class=\"elementor-button-wrapper\">\n\t\t\t<a class=\"elementor-button elementor-button-link elementor-size-sm\" href=\"https:\/\/wa.link\/2h7er8\">\n\t\t\t\t\t\t<span class=\"elementor-button-content-wrapper\">\n\t\t\t\t\t\t\t\t\t<span class=\"elementor-button-text\">Cont\u00e1ctanos<\/span>\n\t\t\t\t\t<\/span>\n\t\t\t\t\t<\/a>\n\t\t<\/div>\n\t\t\t\t<\/div>\n\t\t\t\t<\/div>\n\t\t\t\t\t<\/div>\n\t\t<\/div>\n\t\t\t\t\t<\/div>\n\t\t<\/section>\n\t\t\t\t<div class=\"elementor-element elementor-element-e6ca19b elementor-widget elementor-widget-spacer\" data-id=\"e6ca19b\" data-element_type=\"widget\" data-widget_type=\"spacer.default\">\n\t\t\t\t<div class=\"elementor-widget-container\">\n\t\t\t\t\t<div class=\"elementor-spacer\">\n\t\t\t<div class=\"elementor-spacer-inner\"><\/div>\n\t\t<\/div>\n\t\t\t\t<\/div>\n\t\t\t\t<\/div>\n\t\t\t\t\t<\/div>\n\t\t<\/div>\n\t\t\t\t\t<\/div>\n\t\t<\/section>\n\t\t\t\t<section class=\"elementor-section elementor-top-section elementor-element elementor-element-2124920 elementor-section-boxed elementor-section-height-default elementor-section-height-default\" data-id=\"2124920\" data-element_type=\"section\">\n\t\t\t\t\t\t<div class=\"elementor-container elementor-column-gap-default\">\n\t\t\t\t\t<div class=\"elementor-column elementor-col-100 elementor-top-column elementor-element elementor-element-af9fabc\" data-id=\"af9fabc\" data-element_type=\"column\">\n\t\t\t<div class=\"elementor-widget-wrap elementor-element-populated\">\n\t\t\t\t\t\t<div class=\"elementor-element elementor-element-63caf8d elementor-widget elementor-widget-spacer\" data-id=\"63caf8d\" data-element_type=\"widget\" data-widget_type=\"spacer.default\">\n\t\t\t\t<div class=\"elementor-widget-container\">\n\t\t\t\t\t<div class=\"elementor-spacer\">\n\t\t\t<div class=\"elementor-spacer-inner\"><\/div>\n\t\t<\/div>\n\t\t\t\t<\/div>\n\t\t\t\t<\/div>\n\t\t\t\t\t<\/div>\n\t\t<\/div>\n\t\t\t\t\t<\/div>\n\t\t<\/section>\n\t\t\t\t<\/div>\n\t\t","protected":false},"excerpt":{"rendered":"<p>Asesor\u00eda Elaboraci\u00f3n y aprobaci\u00f3n de Plan de prevenci\u00f3n de Riesgos hasta 10 trabajadores. Elaboraci\u00f3n y aprobaci\u00f3n de Reglamentos Internos de Higiene y Seguridad. Asesor\u00eda a gerencias en el cumplimiento de todas las exigencias t\u00e9cnicas, documentales y legales ante el MDT (SUT) \/ IESS. Dise\u00f1o e implementaci\u00f3n de Sistemas de Gesti\u00f3n en Prevenci\u00f3n de Riesgos Laborales. [&hellip;]<\/p>\n","protected":false},"author":1,"featured_media":0,"parent":0,"menu_order":0,"comment_status":"closed","ping_status":"closed","template":"elementor_header_footer","meta":{"footnotes":""},"_links":{"self":[{"href":"https:\/\/induequip.com.ec\/index.php\/wp-json\/wp\/v2\/pages\/195"}],"collection":[{"href":"https:\/\/induequip.com.ec\/index.php\/wp-json\/wp\/v2\/pages"}],"about":[{"href":"https:\/\/induequip.com.ec\/index.php\/wp-json\/wp\/v2\/types\/page"}],"author":[{"embeddable":true,"href":"https:\/\/induequip.com.ec\/index.php\/wp-json\/wp\/v2\/users\/1"}],"replies":[{"embeddable":true,"href":"https:\/\/induequip.com.ec\/index.php\/wp-json\/wp\/v2\/comments?post=195"}],"version-history":[{"count":116,"href":"https:\/\/induequip.com.ec\/index.php\/wp-json\/wp\/v2\/pages\/195\/revisions"}],"predecessor-version":[{"id":801,"href":"https:\/\/induequip.com.ec\/index.php\/wp-json\/wp\/v2\/pages\/195\/revisions\/801"}],"wp:attachment":[{"href":"https:\/\/induequip.com.ec\/index.php\/wp-json\/wp\/v2\/media?parent=195"}],"curies":[{"name":"wp","href":"https:\/\/api.w.org\/{rel}","templated":true}]}}